{"id":598,"date":"2022-01-04T18:54:49","date_gmt":"2022-01-04T18:54:49","guid":{"rendered":"https:\/\/sred.ro\/?page_id=598"},"modified":"2022-01-17T13:54:03","modified_gmt":"2022-01-17T13:54:03","slug":"registru-national","status":"publish","type":"page","link":"https:\/\/sred.ro\/en\/registru-national\/","title":{"rendered":"National register"},"content":{"rendered":"<p><strong>V\u0103 invit\u0103m s\u0103 completa\u0163i urm\u0103toarele rubrici care se refer\u0103 la centrul \u00een care v\u0103 desf\u0103\u015fura\u0163i activitatea.<\/strong><\/p>\n<p>Informatiile vor putea fi utilizate pentru a lista centrul dumneavoastra pe site-ul SRED pentru o mai buna vizibilitate si o mai rapida accesibilitate pentru pacienti.<\/p>\n\n<div class=\"wpcf7 no-js\" id=\"wpcf7-f646-o1\" lang=\"ro-RO\" dir=\"ltr\" data-wpcf7-id=\"646\">\n<div class=\"screen-reader-response\"><p role=\"status\" aria-live=\"polite\" aria-atomic=\"true\"><\/p> <ul><\/ul><\/div>\n<form action=\"\/en\/wp-json\/wp\/v2\/pages\/598#wpcf7-f646-o1\" method=\"post\" class=\"wpcf7-form init\" aria-label=\"Formular de contact\" novalidate=\"novalidate\" data-status=\"init\">\n<div style=\"display: none;\">\n<input type=\"hidden\" name=\"_wpcf7\" value=\"646\" \/>\n<input type=\"hidden\" name=\"_wpcf7_version\" value=\"6.0.6\" \/>\n<input type=\"hidden\" name=\"_wpcf7_locale\" value=\"ro_RO\" \/>\n<input type=\"hidden\" name=\"_wpcf7_unit_tag\" value=\"wpcf7-f646-o1\" \/>\n<input type=\"hidden\" name=\"_wpcf7_container_post\" value=\"0\" \/>\n<input type=\"hidden\" name=\"_wpcf7_posted_data_hash\" value=\"\" \/>\n<\/div>\n<label> Nume Laborator de Endoscopie (obligatoriu)\n    <span class=\"wpcf7-form-control-wrap\" data-name=\"nume-laborator\"><input size=\"40\" maxlength=\"400\" class=\"wpcf7-form-control wpcf7-text wpcf7-validates-as-required\" aria-required=\"true\" aria-invalid=\"false\" value=\"\" type=\"text\" name=\"nume-laborator\" \/><\/span> <\/label>\n\n<label> Adresa (obligatoriu)\n    <span class=\"wpcf7-form-control-wrap\" data-name=\"adresa-laborator\"><input size=\"40\" maxlength=\"400\" class=\"wpcf7-form-control wpcf7-text wpcf7-validates-as-required\" aria-required=\"true\" aria-invalid=\"false\" value=\"\" type=\"text\" name=\"adresa-laborator\" \/><\/span> <\/label>\n\n<label> Website\n    <span class=\"wpcf7-form-control-wrap\" data-name=\"website-laborator\"><input size=\"40\" maxlength=\"400\" class=\"wpcf7-form-control wpcf7-text\" aria-invalid=\"false\" value=\"\" type=\"text\" name=\"website-laborator\" \/><\/span> <\/label>\n\n<label> Num\u0103r de telefon de contact (pentru program\u0103ri) (obligatoriu)\n    <span class=\"wpcf7-form-control-wrap\" data-name=\"telefon-laborator\"><input size=\"40\" maxlength=\"400\" class=\"wpcf7-form-control wpcf7-text wpcf7-validates-as-required\" aria-required=\"true\" aria-invalid=\"false\" value=\"\" type=\"text\" name=\"telefon-laborator\" \/><\/span> <\/label>\n\n<label> Email de contact (obligatoriu)\n    <span class=\"wpcf7-form-control-wrap\" data-name=\"email-laborator\"><input size=\"40\" maxlength=\"400\" class=\"wpcf7-form-control wpcf7-email wpcf7-validates-as-required wpcf7-text wpcf7-validates-as-email\" aria-required=\"true\" aria-invalid=\"false\" value=\"\" type=\"email\" name=\"email-laborator\" \/><\/span> <\/label>\n\n<h2>Lista medici <\/h2>\n\n<label> 1. Medic responsabil \/ coordonator (obligatoriu)\n    <span class=\"wpcf7-form-control-wrap\" data-name=\"lista-medici-1\"><textarea cols=\"40\" rows=\"10\" maxlength=\"2000\" class=\"wpcf7-form-control wpcf7-textarea wpcf7-validates-as-required\" aria-required=\"true\" aria-invalid=\"false\" name=\"lista-medici-1\"><\/textarea><\/span> <\/label>\n\n<label> 2. Ceilalti medici (obligatoriu)\n    <span class=\"wpcf7-form-control-wrap\" data-name=\"lista-medici-2\"><textarea cols=\"40\" rows=\"10\" maxlength=\"2000\" class=\"wpcf7-form-control wpcf7-textarea wpcf7-validates-as-required\" aria-required=\"true\" aria-invalid=\"false\" name=\"lista-medici-2\"><\/textarea><\/span> <\/label>\n\n<label> Proceduri care se realizeaz\u0103 (obligatoriu) <\/label>\n<span class=\"wpcf7-form-control-wrap\" data-name=\"proceduri-realizate\"><span class=\"wpcf7-form-control wpcf7-checkbox wpcf7-validates-as-required\"><span class=\"wpcf7-list-item first\"><label><input type=\"checkbox\" name=\"proceduri-realizate[]\" value=\"endoscopie\" \/><span class=\"wpcf7-list-item-label\">endoscopie<\/span><\/label><\/span><span class=\"wpcf7-list-item\"><label><input type=\"checkbox\" name=\"proceduri-realizate[]\" value=\"colonoscopie\" \/><span class=\"wpcf7-list-item-label\">colonoscopie<\/span><\/label><\/span><span class=\"wpcf7-list-item\"><label><input type=\"checkbox\" name=\"proceduri-realizate[]\" value=\"ERCP\" \/><span class=\"wpcf7-list-item-label\">ERCP<\/span><\/label><\/span><span class=\"wpcf7-list-item\"><label><input type=\"checkbox\" name=\"proceduri-realizate[]\" value=\"EUS\" \/><span class=\"wpcf7-list-item-label\">EUS<\/span><\/label><\/span><span class=\"wpcf7-list-item\"><label><input type=\"checkbox\" name=\"proceduri-realizate[]\" value=\"proceduri terapeutice\" \/><span class=\"wpcf7-list-item-label\">proceduri terapeutice<\/span><\/label><\/span><span class=\"wpcf7-list-item last\"><label><input type=\"checkbox\" name=\"proceduri-realizate[]\" value=\"videocapsula etc\" \/><span class=\"wpcf7-list-item-label\">videocapsula etc<\/span><\/label><\/span><\/span><\/span> \n\n<input class=\"wpcf7-form-control wpcf7-submit has-spinner\" type=\"submit\" value=\"Trimite\" \/><div class=\"wpcf7-response-output\" aria-hidden=\"true\"><\/div>\n<\/form>\n<\/div>\n\n","protected":false},"excerpt":{"rendered":"<p>V\u0103 invit\u0103m s\u0103 completa\u0163i urm\u0103toarele rubrici care se refer\u0103 la centrul \u00een care v\u0103 desf\u0103\u015fura\u0163i activitatea. Informatiile vor putea fi utilizate pentru a lista centrul dumneavoastra pe site-ul SRED pentru o mai buna vizibilitate si o mai rapida accesibilitate pentru pacienti.<\/p>\n","protected":false},"author":1,"featured_media":0,"parent":0,"menu_order":0,"comment_status":"closed","ping_status":"closed","template":"","meta":{"footnotes":""},"class_list":["post-598","page","type-page","status-publish","hentry"],"_links":{"self":[{"href":"https:\/\/sred.ro\/en\/wp-json\/wp\/v2\/pages\/598","targetHints":{"allow":["GET"]}}],"collection":[{"href":"https:\/\/sred.ro\/en\/wp-json\/wp\/v2\/pages"}],"about":[{"href":"https:\/\/sred.ro\/en\/wp-json\/wp\/v2\/types\/page"}],"author":[{"embeddable":true,"href":"https:\/\/sred.ro\/en\/wp-json\/wp\/v2\/users\/1"}],"replies":[{"embeddable":true,"href":"https:\/\/sred.ro\/en\/wp-json\/wp\/v2\/comments?post=598"}],"version-history":[{"count":8,"href":"https:\/\/sred.ro\/en\/wp-json\/wp\/v2\/pages\/598\/revisions"}],"predecessor-version":[{"id":667,"href":"https:\/\/sred.ro\/en\/wp-json\/wp\/v2\/pages\/598\/revisions\/667"}],"wp:attachment":[{"href":"https:\/\/sred.ro\/en\/wp-json\/wp\/v2\/media?parent=598"}],"curies":[{"name":"wp","href":"https:\/\/api.w.org\/{rel}","templated":true}]}}