{"id":271,"date":"2021-11-09T21:01:38","date_gmt":"2021-11-09T21:01:38","guid":{"rendered":"https:\/\/sred.ro\/?page_id=271"},"modified":"2022-02-26T13:25:36","modified_gmt":"2022-02-26T13:25:36","slug":"grupuri-de-lucru","status":"publish","type":"page","link":"https:\/\/sred.ro\/en\/despre-sred\/grupuri-de-lucru\/","title":{"rendered":"Workgroups"},"content":{"rendered":"<div class=\"wpb-content-wrapper\"><p>[vc_row][vc_column width=&#8221;1\/3&#8243;][vc_column_text]<\/p>\n<h3>Greus<\/h3>\n<p><b><strong>Pre\u015fedinte<\/strong><\/b>\u00a0Andrada Seicean<\/p>\n<p><b><strong>Past president<\/strong><\/b>\u00a0Adrian S\u0103ftoiu<\/p>\n<p><b><strong>Future President\u00a0<\/strong><\/b>Mariana Jinga<\/p>\n<p><b><strong>Vicepre\u015fedinte\u00a0<\/strong><\/b>Cristian Gheorghe<\/p>\n<p><b><strong>Secretar<\/strong><\/b>\u00a0Dan Ionu\u0163 Gheonea[\/vc_column_text][\/vc_column][vc_column width=&#8221;1\/3&#8243;][vc_column_text]<b><strong>Membrii fondatori<\/strong><\/b><\/p>\n<p>1.Badea Radu<br \/>\n2.C\u0103tineanu Adrian<br \/>\n3.Cazacu Sergiu<br \/>\n4.Chioncel Camelia<br \/>\n5.Cijevschi Cristina<br \/>\n6.Constantinescu Alexandrina<br \/>\n7.D\u0103nila Mirela<br \/>\n8.Dumitru Eugen<br \/>\n9.En\u0103chescu Viorela<br \/>\n10.Fraticiu Alexandru<br \/>\n11.Gheorghe Cristian<br \/>\n12.Iordache Sevasti\u021ba<br \/>\n13.Irimiea Mihaela<br \/>\n14.Jinga Mariana<br \/>\n15.Manea Bogdan<br \/>\n16.Mazilu Octavian<br \/>\n17.Mihai Cioc\u00e2rlan[\/vc_column_text][\/vc_column][vc_column width=&#8221;1\/3&#8243;][vc_column_text]18.Naft\u0103n\u0103ila-Mali Florica<br \/>\n19.Nicolau Carmen<br \/>\n20.Oni\u0219or Danusia Maria<br \/>\n21.Pascu Oliviu<br \/>\n22.Popescu Alina<br \/>\n23.Rimba\u0219 Mihai<br \/>\n24.Rusoiu \u0218tefania<br \/>\n25.S\u0103ftoiu Adrian<br \/>\n26.Seicean Andrada<br \/>\n27.\u0218irli Roxana<br \/>\n28.Sp\u00e2rchez Zeno<br \/>\n29.Sporea Ioan<br \/>\n30.Stoica Monalisa<br \/>\n31.Tan\u021b\u0103u Marcel<br \/>\n32.Tilinca Mariana<br \/>\n33.Tudor Nicolaie<br \/>\n34.Tudora Adriana<br \/>\n35.Tan\u021b\u0103u Alina[\/vc_column_text][\/vc_column][\/vc_row]<\/p>\n<\/div>","protected":false},"excerpt":{"rendered":"<p>[vc_row][vc_column width=&#8221;1\/3&#8243;][vc_column_text] Greus Pre\u015fedinte\u00a0Andrada Seicean Past president\u00a0Adrian S\u0103ftoiu Future President\u00a0Mariana Jinga Vicepre\u015fedinte\u00a0Cristian Gheorghe Secretar\u00a0Dan Ionu\u0163 Gheonea[\/vc_column_text][\/vc_column][vc_column width=&#8221;1\/3&#8243;][vc_column_text]Membrii fondatori 1.Badea Radu 2.C\u0103tineanu Adrian 3.Cazacu Sergiu 4.Chioncel Camelia 5.Cijevschi Cristina 6.Constantinescu Alexandrina 7.D\u0103nila Mirela 8.Dumitru Eugen 9.En\u0103chescu Viorela 10.Fraticiu Alexandru 11.Gheorghe Cristian 12.Iordache Sevasti\u021ba 13.Irimiea Mihaela 14.Jinga Mariana 15.Manea Bogdan 16.Mazilu Octavian 17.Mihai Cioc\u00e2rlan[\/vc_column_text][\/vc_column][vc_column width=&#8221;1\/3&#8243;][vc_column_text]18.Naft\u0103n\u0103ila-Mali Florica 19.Nicolau [&hellip;]<\/p>\n","protected":false},"author":1,"featured_media":0,"parent":251,"menu_order":0,"comment_status":"closed","ping_status":"closed","template":"","meta":{"footnotes":""},"class_list":["post-271","page","type-page","status-publish","hentry"],"_links":{"self":[{"href":"https:\/\/sred.ro\/en\/wp-json\/wp\/v2\/pages\/271","targetHints":{"allow":["GET"]}}],"collection":[{"href":"https:\/\/sred.ro\/en\/wp-json\/wp\/v2\/pages"}],"about":[{"href":"https:\/\/sred.ro\/en\/wp-json\/wp\/v2\/types\/page"}],"author":[{"embeddable":true,"href":"https:\/\/sred.ro\/en\/wp-json\/wp\/v2\/users\/1"}],"replies":[{"embeddable":true,"href":"https:\/\/sred.ro\/en\/wp-json\/wp\/v2\/comments?post=271"}],"version-history":[{"count":4,"href":"https:\/\/sred.ro\/en\/wp-json\/wp\/v2\/pages\/271\/revisions"}],"predecessor-version":[{"id":661,"href":"https:\/\/sred.ro\/en\/wp-json\/wp\/v2\/pages\/271\/revisions\/661"}],"up":[{"embeddable":true,"href":"https:\/\/sred.ro\/en\/wp-json\/wp\/v2\/pages\/251"}],"wp:attachment":[{"href":"https:\/\/sred.ro\/en\/wp-json\/wp\/v2\/media?parent=271"}],"curies":[{"name":"wp","href":"https:\/\/api.w.org\/{rel}","templated":true}]}}