{"id":269,"date":"2021-11-09T21:01:20","date_gmt":"2021-11-09T21:01:20","guid":{"rendered":"https:\/\/sred.ro\/?page_id=269"},"modified":"2025-06-13T10:26:50","modified_gmt":"2025-06-13T10:26:50","slug":"comisii","status":"publish","type":"page","link":"https:\/\/sred.ro\/en\/despre-sred\/comisii\/","title":{"rendered":"Committee"},"content":{"rendered":"<div class=\"wpb-content-wrapper\"><p><\/p>\n<p>[vc_row][vc_column][vc_empty_space][\/vc_column][\/vc_row][vc_row][vc_column][vc_accordion active_tab=&#8221;&#8221; collapsible=&#8221;yes&#8221; type=&#8221;panel-modern&#8221; use_accordion=&#8221;true&#8221;][vc_accordion_tab title=&#8221;Research Committee&#8221;][vc_column_text css=&#8221;&#8221; css_params=&#8221;&#8221;]<\/p>\n<p style=\"font-weight: 300;\"><strong>Andrada Seicean, Adrian S\u0103ftoiu, Vasile Drug, Mihai Ciocirlan<\/strong><br \/>\nActivity:<br \/>\n\u2022 Coordination of multicenter studies under the aegis of SRED<br \/>\n\u2022 Supervision and compliance with ethical norms regarding the conduct of clinical studies<\/p>\n<p>[\/vc_column_text][\/vc_accordion_tab][vc_accordion_tab title=&#8221;Quality Audit Committee&#8221;][vc_column_text]<strong>Eugen Dumitru, Bogdan Miutescu, C\u0103t\u0103lin Sfarti, Gheorghe B\u0103lan<\/strong><\/p>\n<p>Scop<\/p>\n<ul>\n<li>Evaluare centre endoscopice<\/li>\n<li>Calitatea \u00een endoscopie<\/li>\n<li>Audit<\/li>\n<\/ul>\n<p>[\/vc_column_text][\/vc_accordion_tab][vc_accordion_tab title=&#8221;Commission for relations with authorities&#8221;][vc_column_text css=&#8221;&#8221; css_params=&#8221;&#8221;]<strong>&nbsp;Bogdan Mateescu, Lucian Negreanu, Mariana Jinga, Cristian Gheorghe, Dan Gheonea, Mircea Manuc, Marcel Tan\u021b\u0103u<\/strong>[\/vc_column_text][\/vc_accordion_tab][vc_accordion_tab title=&#8221;Education Commission&#8221;][vc_column_text css=&#8221;&#8221; css_params=&#8221;&#8221;]<\/p>\n<p style=\"font-weight: 300;\"><strong>Mariana Jinga, Cristian Gheorghe, Theodor Voiosu, Radu Tutuian<\/strong><br \/>\nActivity:<br \/>\n\u2022 Postgraduate training<br \/>\n\u2022 Curriculum<br \/>\n\u2022 Guides<\/p>\n<p>[\/vc_column_text][\/vc_accordion_tab][\/vc_accordion][\/vc_column][\/vc_row]<\/p>\n<p><\/p>\n<\/div>","protected":false},"excerpt":{"rendered":"<p>[vc_row][vc_column][vc_empty_space][\/vc_column][\/vc_row][vc_row][vc_column][vc_accordion active_tab=&#8221;&#8221; collapsible=&#8221;yes&#8221; type=&#8221;panel-modern&#8221; use_accordion=&#8221;true&#8221;][vc_accordion_tab title=&#8221;Research Committee&#8221;][vc_column_text css=&#8221;&#8221; css_params=&#8221;&#8221;] Andrada Seicean, Adrian S\u0103ftoiu, Vasile Drug, Mihai Ciocirlan Activity: \u2022 Coordination of multicenter studies under the aegis of SRED \u2022 Supervision and compliance with ethical norms regarding the conduct of clinical studies [\/vc_column_text][\/vc_accordion_tab][vc_accordion_tab title=&#8221;Quality Audit Committee&#8221;][vc_column_text]Eugen Dumitru, Bogdan Miutescu, C\u0103t\u0103lin Sfarti, Gheorghe B\u0103lan Scop Evaluare centre [&hellip;]<\/p>\n","protected":false},"author":1,"featured_media":0,"parent":251,"menu_order":0,"comment_status":"closed","ping_status":"closed","template":"","meta":{"footnotes":""},"class_list":["post-269","page","type-page","status-publish","hentry"],"_links":{"self":[{"href":"https:\/\/sred.ro\/en\/wp-json\/wp\/v2\/pages\/269","targetHints":{"allow":["GET"]}}],"collection":[{"href":"https:\/\/sred.ro\/en\/wp-json\/wp\/v2\/pages"}],"about":[{"href":"https:\/\/sred.ro\/en\/wp-json\/wp\/v2\/types\/page"}],"author":[{"embeddable":true,"href":"https:\/\/sred.ro\/en\/wp-json\/wp\/v2\/users\/1"}],"replies":[{"embeddable":true,"href":"https:\/\/sred.ro\/en\/wp-json\/wp\/v2\/comments?post=269"}],"version-history":[{"count":18,"href":"https:\/\/sred.ro\/en\/wp-json\/wp\/v2\/pages\/269\/revisions"}],"predecessor-version":[{"id":1754,"href":"https:\/\/sred.ro\/en\/wp-json\/wp\/v2\/pages\/269\/revisions\/1754"}],"up":[{"embeddable":true,"href":"https:\/\/sred.ro\/en\/wp-json\/wp\/v2\/pages\/251"}],"wp:attachment":[{"href":"https:\/\/sred.ro\/en\/wp-json\/wp\/v2\/media?parent=269"}],"curies":[{"name":"wp","href":"https:\/\/api.w.org\/{rel}","templated":true}]}}